{"id":2887,"date":"2021-03-15T05:06:51","date_gmt":"2021-03-15T05:06:51","guid":{"rendered":"https:\/\/renumawp.websitelayout.net\/?page_id=2887"},"modified":"2022-06-18T21:07:43","modified_gmt":"2022-06-18T18:07:43","slug":"hizmetler","status":"publish","type":"page","link":"http:\/\/mareclean.com\/tr\/hizmetler\/","title":{"rendered":"Hizmetler"},"content":{"rendered":"\t\t<div data-elementor-type=\"wp-page\" data-elementor-id=\"2887\" class=\"elementor elementor-2887\">\n\t\t\t\t\t\t\t\t\t<section class=\"elementor-section elementor-top-section elementor-element elementor-element-b39b679 elementor-section-full_width elementor-section-height-default elementor-section-height-default\" data-id=\"b39b679\" data-element_type=\"section\">\n\t\t\t\t\t\t<div class=\"elementor-container elementor-column-gap-no\">\n\t\t\t\t\t<div class=\"elementor-column elementor-col-100 elementor-top-column elementor-element elementor-element-1cfd556\" data-id=\"1cfd556\" data-element_type=\"column\">\n\t\t\t<div class=\"elementor-widget-wrap elementor-element-populated\">\n\t\t\t\t\t\t\t\t<div class=\"elementor-element elementor-element-472227d elementor-align-left elementor-widget elementor-widget-service-01-page-pagetitle\" data-id=\"472227d\" data-element_type=\"widget\" data-widget_type=\"service-01-page-pagetitle.default\">\n\t\t\t\t<div class=\"elementor-widget-container\">\n\t\t\t\n        <!-- PAGE TITLE\n        ================================================== -->\n        <section class=\"page-title-section bg-img cover-background theme-overlay-dark-blue left-overlay-dark top-position1\"  data-overlay-dark=\"6\" data-background=\"http:\/\/mareclean.com\/wp-content\/uploads\/2022\/06\/page-title.jpg\" >\n            <div class=\"container\">\n                <div class=\"row text-center\">\n                    <div class=\"col-md-12\">\n                    \t\t                    \t<h1>Hizmetler<\/h1>\n\t                    \t                    \t\t\t\t\t\t\t<ul><li><a href=\"http:\/\/mareclean.com\/tr\/\">Home<\/a><\/li>\n\t\t\t\t\t\t\t <li>Hizmetler<\/li><\/ul>\n\t\t\t\t\t\t                    <\/div>\n                <\/div>\n            <\/div>\n            <div class=\"shape-one\"><\/div>\n    \t\t<div class=\"shape-two\"><\/div>\n        <\/section>\n\n\t\t\t<\/div>\n\t\t\t\t<\/div>\n\t\t\t\t\t<\/div>\n\t\t<\/div>\n\t\t\t\t\t\t\t<\/div>\n\t\t<\/section>\n\t\t\t\t<section class=\"elementor-section elementor-top-section elementor-element elementor-element-2f0b336 elementor-section-full_width elementor-section-height-default elementor-section-height-default\" data-id=\"2f0b336\" data-element_type=\"section\">\n\t\t\t\t\t\t<div class=\"elementor-container elementor-column-gap-no\">\n\t\t\t\t\t<div class=\"elementor-column elementor-col-100 elementor-top-column elementor-element elementor-element-53ca74a\" data-id=\"53ca74a\" data-element_type=\"column\">\n\t\t\t<div class=\"elementor-widget-wrap elementor-element-populated\">\n\t\t\t\t\t\t\t\t<div class=\"elementor-element elementor-element-9b5d0bc elementor-align-left elementor-widget elementor-widget-service-01-page-service\" data-id=\"9b5d0bc\" data-element_type=\"widget\" data-widget_type=\"service-01-page-service.default\">\n\t\t\t\t<div class=\"elementor-widget-container\">\n\t\t\t\t\t<!-- SERVICES\r\n        ================================================== -->\r\n        <section class=\"bg-light\">\r\n            <div class=\"container\">\r\n                <div class=\"text-center sec-title wow fadeIn\" data-wow-delay=\"100ms\">\r\n                \t                    \t<span>Deneyim, Haz\u0131rl\u0131k ve Mobilizasyon, Ekipman, \u0130\u015f Birli\u011fi<\/span>\r\n                                                            \t<h2 class=\"h1 mb-0\">Hizmetler<\/h2>\r\n                                    <\/div>\r\n                <div class=\"row mt-n7 gx-xxl-5\">\r\n\t\t\t\t\t\r\n                    \t\t                    <div class=\"col-md-6 col-lg-4 mt-15\">\r\n\t\t\t\t\t\t\t<div class=\"card card-style1 border-0 bg-img rounded-0 cover-background overflow-visible\" data-background=\"http:\/\/mareclean.com\/wp-content\/uploads\/2022\/06\/kiyi-tesisi-acil-mudahale-hizmeti-1.jpg\">\r\n\t\t\t\t\t\t\t\t<div class=\"text-center card-body p-1-9 z-index-3 position-relative\">\r\n\t\t\t\t\t\t\t\t\t<div class=\"card-icon\">\r\n\t\t\t\t\t\t\t\t\t\t<i class=\"flaticon-040-eco-fuel display-8 text-white\"><\/i>\r\n\t\t\t\t\t\t\t\t\t<\/div>\r\n\t\t\t\t\t\t\t\t\t<h3 class=\"mb-3 h4\"><a href=\"http:\/\/mareclean.com\/tr\/service\/kiyi-tesisi-acil-mudahale-hizmeti\/\">K\u0131y\u0131 Tesisi Acil M\u00fcdahale Hizmeti<\/a><\/h3>\r\n\t\t\t\t\t\t\t\t\t<span class=\"card-border position-relative\"><\/span>\r\n\t\t\t\t\t\t\t\t\t<p class=\"mt-7\">MARE, 40 y\u0131l\u0131 a\u015fk\u0131n s\u00fcredir hizmet verdi\u011fi denizcilik sekt\u00f6r\u00fcnde y\u00fcr\u00fcrl\u00fc\u011fe giren yeni kanunlar\u0131 uygulama konusunda gerekli hassasiyeti g\u00f6stermektedir.<\/p>\r\n\t\t\t\t\t\t\t\t<\/div>\r\n\t\t\t\t\t\t\t\t<div class=\"card-footer justify-content-between align-items-center d-flex px-1-9 py-3 rounded-0 z-index-3 position-relative\">\r\n\t\t\t\t\t\t\t\t\t<a href=\"http:\/\/mareclean.com\/tr\/service\/kiyi-tesisi-acil-mudahale-hizmeti\/\">Read more<\/a>\r\n\t\t\t\t\t\t\t\t\t<a href=\"http:\/\/mareclean.com\/tr\/service\/kiyi-tesisi-acil-mudahale-hizmeti\/\"><i class=\"ti-arrow-right\"><\/i><\/a>\r\n\t\t\t\t\t\t\t\t<\/div>\r\n\t\t\t\t\t\t\t<\/div>\r\n\t\t\t\t\t\t<\/div>\r\n\r\n                    \r\n                    \t\t                    <div class=\"col-md-6 col-lg-4 mt-15\">\r\n\t\t\t\t\t\t\t<div class=\"card card-style1 border-0 bg-img rounded-0 cover-background overflow-visible\" data-background=\"http:\/\/mareclean.com\/wp-content\/uploads\/2022\/06\/deniz-ve-kara-dokuntu-2-1.jpg\">\r\n\t\t\t\t\t\t\t\t<div class=\"text-center card-body p-1-9 z-index-3 position-relative\">\r\n\t\t\t\t\t\t\t\t\t<div class=\"card-icon\">\r\n\t\t\t\t\t\t\t\t\t\t<i class=\"flaticon-040-eco-fuel display-8 text-white\"><\/i>\r\n\t\t\t\t\t\t\t\t\t<\/div>\r\n\t\t\t\t\t\t\t\t\t<h3 class=\"mb-3 h4\"><a href=\"http:\/\/mareclean.com\/tr\/service\/deniz-ve-kara-dokuntu-olaylarina-mudahale\/\">Deniz ve Kara D\u00f6k\u00fcnt\u00fc Olaylar\u0131na M\u00fcdahale<\/a><\/h3>\r\n\t\t\t\t\t\t\t\t\t<span class=\"card-border position-relative\"><\/span>\r\n\t\t\t\t\t\t\t\t\t<p class=\"mt-7\">MARE, T\u00fcrk ve uluslararas\u0131 sularda meydana gelen deniz kirlilikleri, karasal depolama tanklar\u0131 ve karayolu ta\u015f\u0131ma kaynakl\u0131 (tanker, konteyner, tank) kirliliklerine acil m\u00fcdahale hizmeti vermektedir.<\/p>\r\n\t\t\t\t\t\t\t\t<\/div>\r\n\t\t\t\t\t\t\t\t<div class=\"card-footer justify-content-between align-items-center d-flex px-1-9 py-3 rounded-0 z-index-3 position-relative\">\r\n\t\t\t\t\t\t\t\t\t<a href=\"http:\/\/mareclean.com\/tr\/service\/deniz-ve-kara-dokuntu-olaylarina-mudahale\/\">Read more<\/a>\r\n\t\t\t\t\t\t\t\t\t<a href=\"http:\/\/mareclean.com\/tr\/service\/deniz-ve-kara-dokuntu-olaylarina-mudahale\/\"><i class=\"ti-arrow-right\"><\/i><\/a>\r\n\t\t\t\t\t\t\t\t<\/div>\r\n\t\t\t\t\t\t\t<\/div>\r\n\t\t\t\t\t\t<\/div>\r\n\r\n                    \r\n                    \t\t                    <div class=\"col-md-6 col-lg-4 mt-15\">\r\n\t\t\t\t\t\t\t<div class=\"card card-style1 border-0 bg-img rounded-0 cover-background overflow-visible\" data-background=\"http:\/\/mareclean.com\/wp-content\/uploads\/2022\/06\/risk-degerlendirme-ve-acil-mudahale-1.jpg\">\r\n\t\t\t\t\t\t\t\t<div class=\"text-center card-body p-1-9 z-index-3 position-relative\">\r\n\t\t\t\t\t\t\t\t\t<div class=\"card-icon\">\r\n\t\t\t\t\t\t\t\t\t\t<i class=\"flaticon-040-eco-fuel display-8 text-white\"><\/i>\r\n\t\t\t\t\t\t\t\t\t<\/div>\r\n\t\t\t\t\t\t\t\t\t<h3 class=\"mb-3 h4\"><a href=\"http:\/\/mareclean.com\/tr\/service\/risk-degerlendirmesi-ve-acil-mudahale-planlari-hazirlama\/\">Risk De\u011ferlendirmesi ve Acil M\u00fcdahale Planlar\u0131 Haz\u0131rlama<\/a><\/h3>\r\n\t\t\t\t\t\t\t\t\t<span class=\"card-border position-relative\"><\/span>\r\n\t\t\t\t\t\t\t\t\t<p class=\"mt-7\">MARE olarak sahadan gelen deneyim ve bilgi birikimimizi kullanarak haz\u0131rlad\u0131\u011f\u0131m\u0131z kullan\u0131\u015fl\u0131 acil m\u00fcdahale planlar\u0131 ile k\u0131y\u0131 tesislerimize bu tehlikeli ve zor m\u00fcdahale operasyonlar\u0131nda yol g\u00f6sterici ana hususlar\u0131 \u00f6zellikle vurgulamaktay\u0131z.<\/p>\r\n\t\t\t\t\t\t\t\t<\/div>\r\n\t\t\t\t\t\t\t\t<div class=\"card-footer justify-content-between align-items-center d-flex px-1-9 py-3 rounded-0 z-index-3 position-relative\">\r\n\t\t\t\t\t\t\t\t\t<a href=\"http:\/\/mareclean.com\/tr\/service\/risk-degerlendirmesi-ve-acil-mudahale-planlari-hazirlama\/\">Read more<\/a>\r\n\t\t\t\t\t\t\t\t\t<a href=\"http:\/\/mareclean.com\/tr\/service\/risk-degerlendirmesi-ve-acil-mudahale-planlari-hazirlama\/\"><i class=\"ti-arrow-right\"><\/i><\/a>\r\n\t\t\t\t\t\t\t\t<\/div>\r\n\t\t\t\t\t\t\t<\/div>\r\n\t\t\t\t\t\t<\/div>\r\n\r\n                    \r\n                    \t\t                    <div class=\"col-md-6 col-lg-4 mt-15\">\r\n\t\t\t\t\t\t\t<div class=\"card card-style1 border-0 bg-img rounded-0 cover-background overflow-visible\" data-background=\"http:\/\/mareclean.com\/wp-content\/uploads\/2022\/06\/egitim-ve-tatbikat-2-3.jpg\">\r\n\t\t\t\t\t\t\t\t<div class=\"text-center card-body p-1-9 z-index-3 position-relative\">\r\n\t\t\t\t\t\t\t\t\t<div class=\"card-icon\">\r\n\t\t\t\t\t\t\t\t\t\t<i class=\"flaticon-040-eco-fuel display-8 text-white\"><\/i>\r\n\t\t\t\t\t\t\t\t\t<\/div>\r\n\t\t\t\t\t\t\t\t\t<h3 class=\"mb-3 h4\"><a href=\"http:\/\/mareclean.com\/tr\/service\/egitim-ve-tatbikat-duzenleme\/\">E\u011fitim ve Tatbikat D\u00fczenleme<\/a><\/h3>\r\n\t\t\t\t\t\t\t\t\t<span class=\"card-border position-relative\"><\/span>\r\n\t\t\t\t\t\t\t\t\t<p class=\"mt-7\">K\u0131y\u0131 tesisi tatbikatlar\u0131n\u0131n senaryolar\u0131, k\u0131y\u0131 tesisi yetkilileri ile birlikte en fazla fayday\u0131 sa\u011flayabilecek \u015fekilde haz\u0131rlan\u0131r ve periyodik olarak b\u00f6lgesel, uluslararas\u0131 ve k\u0131y\u0131 tesisi tatbikatlar\u0131 \u015feklinde ger\u00e7ekle\u015ftirilir.<\/p>\r\n\t\t\t\t\t\t\t\t<\/div>\r\n\t\t\t\t\t\t\t\t<div class=\"card-footer justify-content-between align-items-center d-flex px-1-9 py-3 rounded-0 z-index-3 position-relative\">\r\n\t\t\t\t\t\t\t\t\t<a href=\"http:\/\/mareclean.com\/tr\/service\/egitim-ve-tatbikat-duzenleme\/\">Read more<\/a>\r\n\t\t\t\t\t\t\t\t\t<a href=\"http:\/\/mareclean.com\/tr\/service\/egitim-ve-tatbikat-duzenleme\/\"><i class=\"ti-arrow-right\"><\/i><\/a>\r\n\t\t\t\t\t\t\t\t<\/div>\r\n\t\t\t\t\t\t\t<\/div>\r\n\t\t\t\t\t\t<\/div>\r\n\r\n                    \r\n                    \t\t                    <div class=\"col-md-6 col-lg-4 mt-15\">\r\n\t\t\t\t\t\t\t<div class=\"card card-style1 border-0 bg-img rounded-0 cover-background overflow-visible\" data-background=\"http:\/\/mareclean.com\/wp-content\/uploads\/2022\/06\/dalgiclik-ve-sualti-hizmetleri-1.jpg\">\r\n\t\t\t\t\t\t\t\t<div class=\"text-center card-body p-1-9 z-index-3 position-relative\">\r\n\t\t\t\t\t\t\t\t\t<div class=\"card-icon\">\r\n\t\t\t\t\t\t\t\t\t\t<i class=\"flaticon-040-eco-fuel display-8 text-white\"><\/i>\r\n\t\t\t\t\t\t\t\t\t<\/div>\r\n\t\t\t\t\t\t\t\t\t<h3 class=\"mb-3 h4\"><a href=\"http:\/\/mareclean.com\/tr\/service\/dalgiclik-ve-sualti-hizmetleri\/\">Dalg\u0131\u00e7l\u0131k ve Sualt\u0131 Hizmetleri<\/a><\/h3>\r\n\t\t\t\t\t\t\t\t\t<span class=\"card-border position-relative\"><\/span>\r\n\t\t\t\t\t\t\t\t\t<p class=\"mt-7\">MARE, 5312 say\u0131l\u0131 kanunun \u201cPetrol Ve Di\u011fer Zararl\u0131 Maddelerden Kaynaklanan Kirlili\u011fe Haz\u0131rl\u0131kl\u0131 Olma Ve M\u00fcdahale \u0130le \u0130lgili E\u011fitim Seminerlerinin Ve Tatbikat Programlar\u0131n\u0131n Usul Ve Esaslar\u0131\u201d genelgesinde belirtilen yetki belgesine sahiptir.<\/p>\r\n\t\t\t\t\t\t\t\t<\/div>\r\n\t\t\t\t\t\t\t\t<div class=\"card-footer justify-content-between align-items-center d-flex px-1-9 py-3 rounded-0 z-index-3 position-relative\">\r\n\t\t\t\t\t\t\t\t\t<a href=\"http:\/\/mareclean.com\/tr\/service\/dalgiclik-ve-sualti-hizmetleri\/\">Read more<\/a>\r\n\t\t\t\t\t\t\t\t\t<a href=\"http:\/\/mareclean.com\/tr\/service\/dalgiclik-ve-sualti-hizmetleri\/\"><i class=\"ti-arrow-right\"><\/i><\/a>\r\n\t\t\t\t\t\t\t\t<\/div>\r\n\t\t\t\t\t\t\t<\/div>\r\n\t\t\t\t\t\t<\/div>\r\n\r\n                    \r\n                    \t\t                    <div class=\"col-md-6 col-lg-4 mt-15\">\r\n\t\t\t\t\t\t\t<div class=\"card card-style1 border-0 bg-img rounded-0 cover-background overflow-visible\" data-background=\"http:\/\/mareclean.com\/wp-content\/uploads\/2022\/06\/batiktan-yakit-cikarma-2-1.jpg\">\r\n\t\t\t\t\t\t\t\t<div class=\"text-center card-body p-1-9 z-index-3 position-relative\">\r\n\t\t\t\t\t\t\t\t\t<div class=\"card-icon\">\r\n\t\t\t\t\t\t\t\t\t\t<i class=\"flaticon-040-eco-fuel display-8 text-white\"><\/i>\r\n\t\t\t\t\t\t\t\t\t<\/div>\r\n\t\t\t\t\t\t\t\t\t<h3 class=\"mb-3 h4\"><a href=\"http:\/\/mareclean.com\/tr\/service\/batiktan-yakit-cikarma\/\">Bat\u0131ktan Yak\u0131t \u00c7\u0131karma<\/a><\/h3>\r\n\t\t\t\t\t\t\t\t\t<span class=\"card-border position-relative\"><\/span>\r\n\t\t\t\t\t\t\t\t\t<p class=\"mt-7\">MARE, bat\u0131k veya karaya oturmu\u015f durumda olan gemilerde ve y\u00fczer yap\u0131lar\u0131n ya\u011f, yak\u0131t, sintine vb. at\u0131klar\u0131n\u0131 kendi b\u00fcnyemizde bulunan alan\u0131nda uzman teknik personeller ve dalg\u0131\u00e7lar taraf\u0131ndan tahliyesi yap\u0131lmaktad\u0131r.<\/p>\r\n\t\t\t\t\t\t\t\t<\/div>\r\n\t\t\t\t\t\t\t\t<div class=\"card-footer justify-content-between align-items-center d-flex px-1-9 py-3 rounded-0 z-index-3 position-relative\">\r\n\t\t\t\t\t\t\t\t\t<a href=\"http:\/\/mareclean.com\/tr\/service\/batiktan-yakit-cikarma\/\">Read more<\/a>\r\n\t\t\t\t\t\t\t\t\t<a href=\"http:\/\/mareclean.com\/tr\/service\/batiktan-yakit-cikarma\/\"><i class=\"ti-arrow-right\"><\/i><\/a>\r\n\t\t\t\t\t\t\t\t<\/div>\r\n\t\t\t\t\t\t\t<\/div>\r\n\t\t\t\t\t\t<\/div>\r\n\r\n                    \r\n                    \t\t                    <div class=\"col-md-6 col-lg-4 mt-15\">\r\n\t\t\t\t\t\t\t<div class=\"card card-style1 border-0 bg-img rounded-0 cover-background overflow-visible\" data-background=\"http:\/\/mareclean.com\/wp-content\/uploads\/2022\/06\/depolama-tank-konteynir-temizligi-1.jpg\">\r\n\t\t\t\t\t\t\t\t<div class=\"text-center card-body p-1-9 z-index-3 position-relative\">\r\n\t\t\t\t\t\t\t\t\t<div class=\"card-icon\">\r\n\t\t\t\t\t\t\t\t\t\t<i class=\"flaticon-040-eco-fuel display-8 text-white\"><\/i>\r\n\t\t\t\t\t\t\t\t\t<\/div>\r\n\t\t\t\t\t\t\t\t\t<h3 class=\"mb-3 h4\"><a href=\"http:\/\/mareclean.com\/tr\/service\/kara-depolama-tank-ve-konteynir-temizligi\/\">Kara Depolama, Tank ve Konteyn\u0131r Temizli\u011fi<\/a><\/h3>\r\n\t\t\t\t\t\t\t\t\t<span class=\"card-border position-relative\"><\/span>\r\n\t\t\t\t\t\t\t\t\t<p class=\"mt-7\">MARE, uzun y\u0131llard\u0131r deniz temizlik olaylar\u0131na m\u00fcdahalede elde etti\u011fi bilgi birikimi ve tecr\u00fcbeyi, end\u00fcstriyel tank temizli\u011fi, konteyn\u0131r s\u0131z\u0131nt\u0131s\u0131na m\u00fcdahale ve karayolu tanker kazalar\u0131na m\u00fcdahale gibi farkl\u0131 kirliliklere aktarmaktad\u0131r.<\/p>\r\n\t\t\t\t\t\t\t\t<\/div>\r\n\t\t\t\t\t\t\t\t<div class=\"card-footer justify-content-between align-items-center d-flex px-1-9 py-3 rounded-0 z-index-3 position-relative\">\r\n\t\t\t\t\t\t\t\t\t<a href=\"http:\/\/mareclean.com\/tr\/service\/kara-depolama-tank-ve-konteynir-temizligi\/\">Read more<\/a>\r\n\t\t\t\t\t\t\t\t\t<a href=\"http:\/\/mareclean.com\/tr\/service\/kara-depolama-tank-ve-konteynir-temizligi\/\"><i class=\"ti-arrow-right\"><\/i><\/a>\r\n\t\t\t\t\t\t\t\t<\/div>\r\n\t\t\t\t\t\t\t<\/div>\r\n\t\t\t\t\t\t<\/div>\r\n\r\n                    \r\n                    \t\t                    <div class=\"col-md-6 col-lg-4 mt-15\">\r\n\t\t\t\t\t\t\t<div class=\"card card-style1 border-0 bg-img rounded-0 cover-background overflow-visible\" data-background=\"http:\/\/mareclean.com\/wp-content\/uploads\/2022\/06\/endustriyel-tank-temizligi-2-1.jpg\">\r\n\t\t\t\t\t\t\t\t<div class=\"text-center card-body p-1-9 z-index-3 position-relative\">\r\n\t\t\t\t\t\t\t\t\t<div class=\"card-icon\">\r\n\t\t\t\t\t\t\t\t\t\t<i class=\"flaticon-040-eco-fuel display-8 text-white\"><\/i>\r\n\t\t\t\t\t\t\t\t\t<\/div>\r\n\t\t\t\t\t\t\t\t\t<h3 class=\"mb-3 h4\"><a href=\"http:\/\/mareclean.com\/tr\/service\/endustriyel-tank-temizligi\/\">End\u00fcstriyel Tank Temizli\u011fi<\/a><\/h3>\r\n\t\t\t\t\t\t\t\t\t<span class=\"card-border position-relative\"><\/span>\r\n\t\t\t\t\t\t\t\t\t<p class=\"mt-7\">MARE, end\u00fcstriyel tank temizlik i\u015flerini kendi b\u00fcnyesinde bulunan uzman m\u00fcdahale ekibi taraf\u0131ndan y\u00fcr\u00fctmektedir. Karasal fueloil, motorin ve ya\u011f tanklar\u0131n\u0131n dip tortusu, dip su at\u0131klar\u0131n\u0131n al\u0131m\u0131 ve t\u00fcm tank y\u0131kama ve tank \u00fcr\u00fcn de\u011fi\u015fim i\u015flerini yapmaktad\u0131r.<\/p>\r\n\t\t\t\t\t\t\t\t<\/div>\r\n\t\t\t\t\t\t\t\t<div class=\"card-footer justify-content-between align-items-center d-flex px-1-9 py-3 rounded-0 z-index-3 position-relative\">\r\n\t\t\t\t\t\t\t\t\t<a href=\"http:\/\/mareclean.com\/tr\/service\/endustriyel-tank-temizligi\/\">Read more<\/a>\r\n\t\t\t\t\t\t\t\t\t<a href=\"http:\/\/mareclean.com\/tr\/service\/endustriyel-tank-temizligi\/\"><i class=\"ti-arrow-right\"><\/i><\/a>\r\n\t\t\t\t\t\t\t\t<\/div>\r\n\t\t\t\t\t\t\t<\/div>\r\n\t\t\t\t\t\t<\/div>\r\n\r\n                    \r\n                    \t\t                    <div class=\"col-md-6 col-lg-4 mt-15\">\r\n\t\t\t\t\t\t\t<div class=\"card card-style1 border-0 bg-img rounded-0 cover-background overflow-visible\" data-background=\"http:\/\/mareclean.com\/wp-content\/uploads\/2022\/06\/ekipman-uretimi-ve-satisi-1.jpg\">\r\n\t\t\t\t\t\t\t\t<div class=\"text-center card-body p-1-9 z-index-3 position-relative\">\r\n\t\t\t\t\t\t\t\t\t<div class=\"card-icon\">\r\n\t\t\t\t\t\t\t\t\t\t<i class=\"flaticon-040-eco-fuel display-8 text-white\"><\/i>\r\n\t\t\t\t\t\t\t\t\t<\/div>\r\n\t\t\t\t\t\t\t\t\t<h3 class=\"mb-3 h4\"><a href=\"http:\/\/mareclean.com\/tr\/service\/ekipman-uretim-ve-satisi\/\">Ekipman \u00dcretim ve Sat\u0131\u015f\u0131<\/a><\/h3>\r\n\t\t\t\t\t\t\t\t\t<span class=\"card-border position-relative\"><\/span>\r\n\t\t\t\t\t\t\t\t\t<p class=\"mt-7\">Operasyonlarda kulland\u0131\u011f\u0131m\u0131z ekipmanlar\u0131n b\u00fcy\u00fck bir k\u0131sm\u0131 MARE taraf\u0131ndan dizayn edilmekte ve b\u00fcnyemizdeki \u00fcretim tesislerinde \u00fcretilmektedir. \u00dcretilen ekipmanlar ayr\u0131ca kendi operasyonlar\u0131m\u0131zda kullan\u0131lmaktad\u0131r.<\/p>\r\n\t\t\t\t\t\t\t\t<\/div>\r\n\t\t\t\t\t\t\t\t<div class=\"card-footer justify-content-between align-items-center d-flex px-1-9 py-3 rounded-0 z-index-3 position-relative\">\r\n\t\t\t\t\t\t\t\t\t<a href=\"http:\/\/mareclean.com\/tr\/service\/ekipman-uretim-ve-satisi\/\">Read more<\/a>\r\n\t\t\t\t\t\t\t\t\t<a href=\"http:\/\/mareclean.com\/tr\/service\/ekipman-uretim-ve-satisi\/\"><i class=\"ti-arrow-right\"><\/i><\/a>\r\n\t\t\t\t\t\t\t\t<\/div>\r\n\t\t\t\t\t\t\t<\/div>\r\n\t\t\t\t\t\t<\/div>\r\n\r\n                    \r\n                    \t\t                    <div class=\"col-md-6 col-lg-4 mt-15\">\r\n\t\t\t\t\t\t\t<div class=\"card card-style1 border-0 bg-img rounded-0 cover-background overflow-visible\" data-background=\"http:\/\/mareclean.com\/wp-content\/uploads\/2022\/06\/bolgesel-acil-mudahale-merkezi-2-1.jpg\">\r\n\t\t\t\t\t\t\t\t<div class=\"text-center card-body p-1-9 z-index-3 position-relative\">\r\n\t\t\t\t\t\t\t\t\t<div class=\"card-icon\">\r\n\t\t\t\t\t\t\t\t\t\t<i class=\"flaticon-040-eco-fuel display-8 text-white\"><\/i>\r\n\t\t\t\t\t\t\t\t\t<\/div>\r\n\t\t\t\t\t\t\t\t\t<h3 class=\"mb-3 h4\"><a href=\"http:\/\/mareclean.com\/tr\/service\/bolgesel-acil-mudahale-merkezi-kurulumu\/\">B\u00f6lgesel Acil M\u00fcdahale Merkezi Kurulumu<\/a><\/h3>\r\n\t\t\t\t\t\t\t\t\t<span class=\"card-border position-relative\"><\/span>\r\n\t\t\t\t\t\t\t\t\t<p class=\"mt-7\">MARE, 40 y\u0131l\u0131 a\u015fk\u0131n s\u00fcredir hizmet verdi\u011fi denizcilik sekt\u00f6r\u00fcnde y\u00fcr\u00fcrl\u00fc\u011fe giren yeni kanunlar\u0131 uygulama konusunda gerekli hassasiyeti g\u00f6stermektedir.<\/p>\r\n\t\t\t\t\t\t\t\t<\/div>\r\n\t\t\t\t\t\t\t\t<div class=\"card-footer justify-content-between align-items-center d-flex px-1-9 py-3 rounded-0 z-index-3 position-relative\">\r\n\t\t\t\t\t\t\t\t\t<a href=\"http:\/\/mareclean.com\/tr\/service\/bolgesel-acil-mudahale-merkezi-kurulumu\/\">Read more<\/a>\r\n\t\t\t\t\t\t\t\t\t<a href=\"http:\/\/mareclean.com\/tr\/service\/bolgesel-acil-mudahale-merkezi-kurulumu\/\"><i class=\"ti-arrow-right\"><\/i><\/a>\r\n\t\t\t\t\t\t\t\t<\/div>\r\n\t\t\t\t\t\t\t<\/div>\r\n\t\t\t\t\t\t<\/div>\r\n\r\n                    \r\n                    \t\t                    <div class=\"col-md-6 col-lg-4 mt-15\">\r\n\t\t\t\t\t\t\t<div class=\"card card-style1 border-0 bg-img rounded-0 cover-background overflow-visible\" data-background=\"http:\/\/mareclean.com\/wp-content\/uploads\/2022\/06\/mare-clean-arge-ve-yayinlar-2.jpg\">\r\n\t\t\t\t\t\t\t\t<div class=\"text-center card-body p-1-9 z-index-3 position-relative\">\r\n\t\t\t\t\t\t\t\t\t<div class=\"card-icon\">\r\n\t\t\t\t\t\t\t\t\t\t<i class=\"flaticon-040-eco-fuel display-8 text-white\"><\/i>\r\n\t\t\t\t\t\t\t\t\t<\/div>\r\n\t\t\t\t\t\t\t\t\t<h3 class=\"mb-3 h4\"><a href=\"http:\/\/mareclean.com\/tr\/service\/ar-ge-calismalari-ve-yayinlar\/\">AR-GE \u00c7al\u0131\u015fmalar\u0131 ve Yay\u0131nlar<\/a><\/h3>\r\n\t\t\t\t\t\t\t\t\t<span class=\"card-border position-relative\"><\/span>\r\n\t\t\t\t\t\t\t\t\t<p class=\"mt-7\">MARE olarak en \u00e7ok \u00f6nem verdi\u011fimiz konulardan bir tanesi de saha \u00e7al\u0131\u015fmalar\u0131m\u0131z\u0131 ve deneyimlerimizi dok\u00fcmante ederek T\u00fcrkiye\u2019nin bu konuda elinde bulunabilecek kaynaklar\u0131 zenginle\u015ftirmek ve \u00fclkemizin konu ile ilgili haz\u0131rl\u0131\u011f\u0131na katk\u0131 sa\u011flamay\u0131 s\u00fcrd\u00fcrmektir.<\/p>\r\n\t\t\t\t\t\t\t\t<\/div>\r\n\t\t\t\t\t\t\t\t<div class=\"card-footer justify-content-between align-items-center d-flex px-1-9 py-3 rounded-0 z-index-3 position-relative\">\r\n\t\t\t\t\t\t\t\t\t<a href=\"http:\/\/mareclean.com\/tr\/service\/ar-ge-calismalari-ve-yayinlar\/\">Read more<\/a>\r\n\t\t\t\t\t\t\t\t\t<a href=\"http:\/\/mareclean.com\/tr\/service\/ar-ge-calismalari-ve-yayinlar\/\"><i class=\"ti-arrow-right\"><\/i><\/a>\r\n\t\t\t\t\t\t\t\t<\/div>\r\n\t\t\t\t\t\t\t<\/div>\r\n\t\t\t\t\t\t<\/div>\r\n\r\n                    \t\t\t\t<\/div>\r\n            <\/div>\r\n        <\/section>\r\n\r\n\t\t\t<\/div>\n\t\t\t\t<\/div>\n\t\t\t\t\t<\/div>\n\t\t<\/div>\n\t\t\t\t\t\t\t<\/div>\n\t\t<\/section>\n\t\t\t\t\t\t\t<\/div>\n\t\t","protected":false},"excerpt":{"rendered":"<p>Hizmetler Home Hizmetler Deneyim, Haz\u0131rl\u0131k ve Mobilizasyon, Ekipman, \u0130\u015f Birli\u011fi Hizmetler Commercial Services An ideal mix of involvement and skill to further our focus on technology. advancement. Read more Repair &amp; Maintenance An ideal mix of involvement and skill to further our focus on technology. advancement. Read more Wind Turbine System An ideal mix of [&hellip;]<\/p>\n","protected":false},"author":1,"featured_media":0,"parent":0,"menu_order":0,"comment_status":"closed","ping_status":"closed","template":"page-templates\/home.php","meta":{"inline_featured_image":false,"_monsterinsights_skip_tracking":false,"_monsterinsights_sitenote_active":false,"_monsterinsights_sitenote_note":"","_monsterinsights_sitenote_category":0,"footnotes":""},"class_list":["post-2887","page","type-page","status-publish","hentry"],"_links":{"self":[{"href":"http:\/\/mareclean.com\/tr\/wp-json\/wp\/v2\/pages\/2887","targetHints":{"allow":["GET"]}}],"collection":[{"href":"http:\/\/mareclean.com\/tr\/wp-json\/wp\/v2\/pages"}],"about":[{"href":"http:\/\/mareclean.com\/tr\/wp-json\/wp\/v2\/types\/page"}],"author":[{"embeddable":true,"href":"http:\/\/mareclean.com\/tr\/wp-json\/wp\/v2\/users\/1"}],"replies":[{"embeddable":true,"href":"http:\/\/mareclean.com\/tr\/wp-json\/wp\/v2\/comments?post=2887"}],"version-history":[{"count":11,"href":"http:\/\/mareclean.com\/tr\/wp-json\/wp\/v2\/pages\/2887\/revisions"}],"predecessor-version":[{"id":8937,"href":"http:\/\/mareclean.com\/tr\/wp-json\/wp\/v2\/pages\/2887\/revisions\/8937"}],"wp:attachment":[{"href":"http:\/\/mareclean.com\/tr\/wp-json\/wp\/v2\/media?parent=2887"}],"curies":[{"name":"wp","href":"https:\/\/api.w.org\/{rel}","templated":true}]}}