{"id":5373,"date":"2021-10-13T07:52:01","date_gmt":"2021-10-13T07:52:01","guid":{"rendered":"https:\/\/renumawp.websitelayout.net\/?page_id=5373"},"modified":"2022-06-18T21:24:50","modified_gmt":"2022-06-18T18:24:50","slug":"iletisim","status":"publish","type":"page","link":"http:\/\/mareclean.com\/tr\/iletisim\/","title":{"rendered":"\u0130leti\u015fim"},"content":{"rendered":"\t\t<div data-elementor-type=\"wp-page\" data-elementor-id=\"5373\" class=\"elementor elementor-5373\">\n\t\t\t\t\t\t\t\t\t<section class=\"elementor-section elementor-top-section elementor-element elementor-element-e4427ab elementor-section-full_width elementor-section-height-default elementor-section-height-default\" data-id=\"e4427ab\" data-element_type=\"section\">\n\t\t\t\t\t\t<div class=\"elementor-container elementor-column-gap-no\">\n\t\t\t\t\t<div class=\"elementor-column elementor-col-100 elementor-top-column elementor-element elementor-element-8bbd59b\" data-id=\"8bbd59b\" data-element_type=\"column\">\n\t\t\t<div class=\"elementor-widget-wrap elementor-element-populated\">\n\t\t\t\t\t\t\t\t<div class=\"elementor-element elementor-element-1ceefce elementor-align-left elementor-widget elementor-widget-contact-page-pagetitle\" data-id=\"1ceefce\" data-element_type=\"widget\" data-widget_type=\"contact-page-pagetitle.default\">\n\t\t\t\t<div class=\"elementor-widget-container\">\n\t\t\t\n        <!-- PAGE TITLE\n        ================================================== -->\n    <section class=\"page-title-section bg-img cover-background theme-overlay-dark-blue left-overlay-dark top-position1\"  data-overlay-dark=\"6\" data-background=\"http:\/\/mareclean.com\/wp-content\/uploads\/2022\/06\/page-title.jpg\" >\n            <div class=\"container\">\n                <div class=\"row text-center\">\n                    <div class=\"col-md-12\">\n                    \t\t                    \t<h1>\u0130leti\u015fim<\/h1>\n\t                    \t                    \t\t\t\t\t\t\t<ul><li><a href=\"http:\/\/mareclean.com\/tr\/\">Home<\/a><\/li>\n\t\t\t\t\t\t\t <li>\u0130leti\u015fim<\/li><\/ul>\n\t\t\t\t\t\t                    <\/div>\n                <\/div>\n            <\/div>\n            <div class=\"shape-one\"><\/div>\n    \t\t<div class=\"shape-two\"><\/div>\n        <\/section>\n\n\t\t\t<\/div>\n\t\t\t\t<\/div>\n\t\t\t\t\t<\/div>\n\t\t<\/div>\n\t\t\t\t\t\t\t<\/div>\n\t\t<\/section>\n\t\t\t\t<section class=\"elementor-section elementor-top-section elementor-element elementor-element-25b39e7 elementor-section-full_width elementor-section-height-default elementor-section-height-default\" data-id=\"25b39e7\" data-element_type=\"section\">\n\t\t\t\t\t\t<div class=\"elementor-container elementor-column-gap-no\">\n\t\t\t\t\t<div class=\"elementor-column elementor-col-100 elementor-top-column elementor-element elementor-element-a37e112\" data-id=\"a37e112\" data-element_type=\"column\">\n\t\t\t<div class=\"elementor-widget-wrap elementor-element-populated\">\n\t\t\t\t\t\t\t\t<div class=\"elementor-element elementor-element-d54990a elementor-align-left elementor-widget elementor-widget-contact-page-contact-info\" data-id=\"d54990a\" data-element_type=\"widget\" data-widget_type=\"contact-page-contact-info.default\">\n\t\t\t\t<div class=\"elementor-widget-container\">\n\t\t\t\n        <!-- CONTACT INFO\n        ================================================== -->\n        <section>\n            <div class=\"container\">\n                <div class=\"row mt-n1-9 gx-xxl-5\">\n            \t\t                        <div class=\"col-md-6 col-lg-4 mt-1-9\">\n\t            \t\t\t<div class=\"contact-info-block h-100\">\n\t\t\t\t\t\t\t\t<div class=\"contact-img position-relative bg-img\"  data-background=\"https:\/\/renumawp.websitelayout.net\/wp-content\/uploads\/2022\/05\/contact-01.jpg\" >\n\t\t\t\t\t\t\t\t\t<div class=\"bg-overlay\"><\/div>\n\t\t\t\t\t\t\t\t\t<div class=\"content-text\">\n\t\t\t\t\t\t\t\t\t\t\t\t\t\t\t\t\t\t\t\t\t<i class=\"fas fa-phone-alt display-15 mb-3 d-block\"><\/i>\n\t\t\t\t\t\t\t\t\t\t\t\t\t\t\t\t\t\t\t\t\t\t                                \t<h3 class=\"h4 mb-3\">Telefon<\/h3>\n\t\t                                \t\t\t\t\t\t\t\t\t\t\t\t                                \t<p class=\"mb-1\"><a href=\"tel:+902163772700\">(+90) 216 377 27 00<\/a><\/p>\t\t                                \t\t\t\t\t\t\t\t\t<\/div>\n\t\t\t\t\t\t\t\t<\/div>\n\t\t\t\t\t\t\t<\/div>\n\t            \t\t<\/div>\n                                            <div class=\"col-md-6 col-lg-4 mt-1-9\">\n\t            \t\t\t<div class=\"contact-info-block h-100\">\n\t\t\t\t\t\t\t\t<div class=\"contact-img position-relative bg-img\"  data-background=\"https:\/\/renumawp.websitelayout.net\/wp-content\/uploads\/2022\/05\/contact-02.jpg\" >\n\t\t\t\t\t\t\t\t\t<div class=\"bg-overlay\"><\/div>\n\t\t\t\t\t\t\t\t\t<div class=\"content-text\">\n\t\t\t\t\t\t\t\t\t\t\t\t\t\t\t\t\t\t\t\t\t<i class=\"fas fa-map-marker-alt display-15 mb-3 d-block\"><\/i>\n\t\t\t\t\t\t\t\t\t\t\t\t\t\t\t\t\t\t\t\t\t\t                                \t<h3 class=\"h4 mb-3\">Adres<\/h3>\n\t\t                                \t\t\t\t\t\t\t\t\t\t\t\t                                \t<p class=\"mb-0\">Ramazano\u011flu Mah. \u00c7ukurova Caddesi No:21 Kurtk\u00f6y \u0130stanbul-T\u00dcRK\u0130YE<\/p>\t\t                                \t\t\t\t\t\t\t\t\t<\/div>\n\t\t\t\t\t\t\t\t<\/div>\n\t\t\t\t\t\t\t<\/div>\n\t            \t\t<\/div>\n                                            <div class=\"col-md-6 col-lg-4 mt-1-9\">\n\t            \t\t\t<div class=\"contact-info-block h-100\">\n\t\t\t\t\t\t\t\t<div class=\"contact-img position-relative bg-img\"  data-background=\"https:\/\/renumawp.websitelayout.net\/wp-content\/uploads\/2022\/05\/contact-03.jpg\" >\n\t\t\t\t\t\t\t\t\t<div class=\"bg-overlay\"><\/div>\n\t\t\t\t\t\t\t\t\t<div class=\"content-text\">\n\t\t\t\t\t\t\t\t\t\t\t\t\t\t\t\t\t\t\t\t\t<i class=\"far fa-envelope display-15 mb-3 d-block\"><\/i>\n\t\t\t\t\t\t\t\t\t\t\t\t\t\t\t\t\t\t\t\t\t\t                                \t<h3 class=\"h4 mb-3\">Email<\/h3>\n\t\t                                \t\t\t\t\t\t\t\t\t\t\t\t                                \t<p class=\"mb-1\"><a href=\"mailto:mare@mareclean.com\">mare@mareclean.com<\/a><\/p>\t\t                                \t\t\t\t\t\t\t\t\t<\/div>\n\t\t\t\t\t\t\t\t<\/div>\n\t\t\t\t\t\t\t<\/div>\n\t            \t\t<\/div>\n                                \t<\/div>\n            <\/div>\n        <\/section>\n\n\t\t\t<\/div>\n\t\t\t\t<\/div>\n\t\t\t\t\t<\/div>\n\t\t<\/div>\n\t\t\t\t\t\t\t<\/div>\n\t\t<\/section>\n\t\t\t\t<section class=\"elementor-section elementor-top-section elementor-element elementor-element-58882f6 elementor-section-full_width elementor-section-height-default elementor-section-height-default\" data-id=\"58882f6\" data-element_type=\"section\">\n\t\t\t\t\t\t<div class=\"elementor-container elementor-column-gap-no\">\n\t\t\t\t\t<div class=\"elementor-column elementor-col-100 elementor-top-column elementor-element elementor-element-d22d6b6\" data-id=\"d22d6b6\" data-element_type=\"column\">\n\t\t\t<div class=\"elementor-widget-wrap elementor-element-populated\">\n\t\t\t\t\t\t\t\t<div class=\"elementor-element elementor-element-0c8ee30 elementor-align-left elementor-widget elementor-widget-contact-page-form\" data-id=\"0c8ee30\" data-element_type=\"widget\" data-widget_type=\"contact-page-form.default\">\n\t\t\t\t<div class=\"elementor-widget-container\">\n\t\t\t\n        <!-- CONTACT FORM\n        ================================================== -->\n        <section class=\"pt-0 overflow-visible\">\n            <div class=\"container\">\n            \t<div class=\"row\">\n            \t\t<div class=\"col-lg-6 about-5 mb-1-9 mb-lg-0\">\n            \t\t\t<div class=\"about-image pe-lg-6\">\n\t\t\t\t\t        \t\t\t\t\t          <img decoding=\"async\" src=\"http:\/\/mareclean.com\/wp-content\/uploads\/2022\/06\/mare-contact.jpg\" alt=\"...\">\n\t\t\t\t\t                \t\t\t\t\t<div class=\"about-shape3\"><\/div>\n        \t\t\t\t\t<div class=\"about-shape4\"><\/div>\n        \t\t\t\t<\/div>\n            \t\t<\/div>\n            \t\t<div class=\"col-lg-6\">\n            \t\t\t<div class=\"sec-title half wow fadeIn\" data-wow-delay=\"100ms\">\n\t\t                \t\t\t\t                    <span>Mesaj\u0131n\u0131z\u0131 Bize \u0130letin<\/span>\n\t\t\t                \t\t                    \t\t                    \t<h2 class=\"h1 mb-0\">Bizimle \u0130leti\u015fime Ge\u00e7in<\/h2>\n\t\t                    \t\t                <\/div>\n            \t\t\t<div class=\"contact-form\">\n\t            \t\t\t\t\t\t                    <div role=\"form\" class=\"wpcf7\" id=\"wpcf7-f1276-o1\" lang=\"en-US\" dir=\"ltr\">\n<div class=\"screen-reader-response\"><p role=\"status\" aria-live=\"polite\" aria-atomic=\"true\"><\/p> <ul><\/ul><\/div>\n<form action=\"\/tr\/wp-json\/wp\/v2\/pages\/5373#wpcf7-f1276-o1\" method=\"post\" class=\"wpcf7-form init\" novalidate=\"novalidate\" data-status=\"init\">\n<div style=\"display: none;\">\n<input type=\"hidden\" name=\"_wpcf7\" value=\"1276\" \/>\n<input type=\"hidden\" name=\"_wpcf7_version\" value=\"5.5.6.1\" \/>\n<input type=\"hidden\" name=\"_wpcf7_locale\" value=\"en_US\" \/>\n<input type=\"hidden\" name=\"_wpcf7_unit_tag\" value=\"wpcf7-f1276-o1\" \/>\n<input type=\"hidden\" name=\"_wpcf7_container_post\" value=\"0\" \/>\n<input type=\"hidden\" name=\"_wpcf7_posted_data_hash\" value=\"\" \/>\n<\/div>\n<div class=\"quform\">\n<div class=\"quform-elements\">\n<div class=\"row\">\n<div class=\"col-md-6\">\n<div class=\"quform-element form-group\"><label>Your Name <span class=\"quform-required\">*<\/span><\/label>\n<div class=\"quform-input\"><span class=\"wpcf7-form-control-wrap your-name\"><input type=\"text\" name=\"your-name\" value=\"\" size=\"40\" class=\"wpcf7-form-control wpcf7-text wpcf7-validates-as-required form-control\" aria-required=\"true\" aria-invalid=\"false\" placeholder=\"Your name here\" \/><\/span><\/div>\n<\/div>\n<\/div>\n<div class=\"col-md-6\">\n<div class=\"quform-element form-group\"><label>Your Email <span class=\"quform-required\">*<\/span><\/label>\n<div class=\"quform-input\"><span class=\"wpcf7-form-control-wrap your-email\"><input type=\"email\" name=\"your-email\" value=\"\" size=\"40\" class=\"wpcf7-form-control wpcf7-text wpcf7-email wpcf7-validates-as-required wpcf7-validates-as-email form-control\" aria-required=\"true\" aria-invalid=\"false\" placeholder=\"Your email here\" \/><\/span><\/div>\n<\/div>\n<\/div>\n<div class=\"col-md-6\">\n<div class=\"quform-element form-group\"><label>Your Subject <span class=\"quform-required\">*<\/span><\/label>\n<div class=\"quform-input\"><span class=\"wpcf7-form-control-wrap your-subject\"><input type=\"text\" name=\"your-subject\" value=\"\" size=\"40\" class=\"wpcf7-form-control wpcf7-text wpcf7-validates-as-required form-control\" aria-required=\"true\" aria-invalid=\"false\" placeholder=\"Your subject here\" \/><\/span><\/div>\n<\/div>\n<\/div>\n<div class=\"col-md-6\">\n<div class=\"quform-element form-group\"><label>Contact Number<\/label>\n<div class=\"quform-input\"><span class=\"wpcf7-form-control-wrap your-phone\"><input type=\"number\" name=\"your-phone\" value=\"\" class=\"wpcf7-form-control wpcf7-number wpcf7-validates-as-number form-control\" aria-invalid=\"false\" placeholder=\"Your phone number here\" \/><\/span><\/div>\n<\/div>\n<\/div>\n<div class=\"col-md-12\">\n<div class=\"quform-element form-group\"><label>Message <span class=\"quform-required\">*<\/span><\/label>\n<div class=\"quform-input\"><span class=\"wpcf7-form-control-wrap your-message\"><textarea name=\"your-message\" cols=\"40\" rows=\"5\" class=\"wpcf7-form-control wpcf7-textarea wpcf7-validates-as-required form-control\" aria-required=\"true\" aria-invalid=\"false\" placeholder=\"Tell us a few words\"><\/textarea><\/span><\/div>\n<\/div>\n<\/div>\n<div class=\"col-md-12\">\n<div class=\"quform-submit-inner\"><input type=\"submit\" value=\"Send Message\" class=\"wpcf7-form-control has-spinner wpcf7-submit\" \/><\/div>\n<\/div>\n<\/div>\n<\/div>\n<\/div>\n<div class=\"wpcf7-response-output\" aria-hidden=\"true\"><\/div><\/form><\/div>\t\t\t                \t\t\t            <\/div>\n            \t\t<\/div>\n            \t<\/div>\n            <\/div>\n        <\/section>\n\t\t\t<\/div>\n\t\t\t\t<\/div>\n\t\t\t\t\t<\/div>\n\t\t<\/div>\n\t\t\t\t\t\t\t<\/div>\n\t\t<\/section>\n\t\t\t\t\t\t\t<\/div>\n\t\t","protected":false},"excerpt":{"rendered":"<p>\u0130leti\u015fim Home \u0130leti\u015fim Telefon (+90) 216 377 27 00 Adres Ramazano\u011flu Mah. \u00c7ukurova Caddesi No:21 Kurtk\u00f6y \u0130stanbul-T\u00dcRK\u0130YE Email mare@mareclean.com Mesaj\u0131n\u0131z\u0131 Bize \u0130letin Bizimle \u0130leti\u015fime Ge\u00e7in Your Name * Your Email * Your Subject * Contact Number Message *<\/p>\n","protected":false},"author":1,"featured_media":0,"parent":0,"menu_order":0,"comment_status":"closed","ping_status":"closed","template":"page-templates\/home.php","meta":{"inline_featured_image":false,"_monsterinsights_skip_tracking":false,"_monsterinsights_sitenote_active":false,"_monsterinsights_sitenote_note":"","_monsterinsights_sitenote_category":0,"footnotes":""},"class_list":["post-5373","page","type-page","status-publish","hentry"],"_links":{"self":[{"href":"http:\/\/mareclean.com\/tr\/wp-json\/wp\/v2\/pages\/5373","targetHints":{"allow":["GET"]}}],"collection":[{"href":"http:\/\/mareclean.com\/tr\/wp-json\/wp\/v2\/pages"}],"about":[{"href":"http:\/\/mareclean.com\/tr\/wp-json\/wp\/v2\/types\/page"}],"author":[{"embeddable":true,"href":"http:\/\/mareclean.com\/tr\/wp-json\/wp\/v2\/users\/1"}],"replies":[{"embeddable":true,"href":"http:\/\/mareclean.com\/tr\/wp-json\/wp\/v2\/comments?post=5373"}],"version-history":[{"count":11,"href":"http:\/\/mareclean.com\/tr\/wp-json\/wp\/v2\/pages\/5373\/revisions"}],"predecessor-version":[{"id":8964,"href":"http:\/\/mareclean.com\/tr\/wp-json\/wp\/v2\/pages\/5373\/revisions\/8964"}],"wp:attachment":[{"href":"http:\/\/mareclean.com\/tr\/wp-json\/wp\/v2\/media?parent=5373"}],"curies":[{"name":"wp","href":"https:\/\/api.w.org\/{rel}","templated":true}]}}