{"id":7804,"date":"2022-06-15T17:34:45","date_gmt":"2022-06-15T14:34:45","guid":{"rendered":"http:\/\/mare.llcsoft.com\/?page_id=7804"},"modified":"2022-06-19T11:17:11","modified_gmt":"2022-06-19T08:17:11","slug":"misyon-vizyon","status":"publish","type":"page","link":"http:\/\/mareclean.com\/tr\/misyon-vizyon\/","title":{"rendered":"Misyon &#038; Vizyon"},"content":{"rendered":"\t\t<div data-elementor-type=\"wp-page\" data-elementor-id=\"7804\" class=\"elementor elementor-7804\">\n\t\t\t\t\t\t\t\t\t<section class=\"elementor-section elementor-top-section elementor-element elementor-element-faa7d53 elementor-section-full_width elementor-section-height-default elementor-section-height-default\" data-id=\"faa7d53\" data-element_type=\"section\">\n\t\t\t\t\t\t<div class=\"elementor-container elementor-column-gap-no\">\n\t\t\t\t\t<div class=\"elementor-column elementor-col-100 elementor-top-column elementor-element elementor-element-e8f5015\" data-id=\"e8f5015\" data-element_type=\"column\">\n\t\t\t<div class=\"elementor-widget-wrap elementor-element-populated\">\n\t\t\t\t\t\t\t\t<div class=\"elementor-element elementor-element-f51425c elementor-align-left elementor-widget elementor-widget-about-01-page-pagetitle\" data-id=\"f51425c\" data-element_type=\"widget\" data-widget_type=\"about-01-page-pagetitle.default\">\n\t\t\t\t<div class=\"elementor-widget-container\">\n\t\t\t\n        <!-- PAGE TITLE\n        ================================================== -->\n        <section class=\"page-title-section bg-img cover-background theme-overlay-dark-blue left-overlay-dark top-position1\"  data-overlay-dark=\"6\" data-background=\"http:\/\/mareclean.com\/wp-content\/uploads\/2022\/06\/page-title.jpg\" >\n            <div class=\"container\">\n                <div class=\"row text-center\">\n                    <div class=\"col-md-12\">\n                    \t\t                    \t<h1>Hakk\u0131m\u0131zda<\/h1>\n\t                    \t                    \t\t\t\t\t\t\t<ul><li><a href=\"http:\/\/mareclean.com\/tr\/\">Home<\/a><\/li>\n\t\t\t\t\t\t\t <li>Hakk\u0131m\u0131zda<\/li><\/ul>\n\t\t\t\t\t\t                    <\/div>\n                <\/div>\n            <\/div>\n            <div class=\"shape-one\"><\/div>\n    \t\t<div class=\"shape-two\"><\/div>\n        <\/section>\n\n\t\t\t<\/div>\n\t\t\t\t<\/div>\n\t\t\t\t\t<\/div>\n\t\t<\/div>\n\t\t\t\t\t\t\t<\/div>\n\t\t<\/section>\n\t\t\t\t<section class=\"elementor-section elementor-top-section elementor-element elementor-element-f23c109 elementor-section-full_width elementor-section-height-default elementor-section-height-default\" data-id=\"f23c109\" data-element_type=\"section\">\n\t\t\t\t\t\t<div class=\"elementor-container elementor-column-gap-no\">\n\t\t\t\t\t<div class=\"elementor-column elementor-col-100 elementor-top-column elementor-element elementor-element-ed25d8a\" data-id=\"ed25d8a\" data-element_type=\"column\">\n\t\t\t<div class=\"elementor-widget-wrap elementor-element-populated\">\n\t\t\t\t\t\t\t\t<div class=\"elementor-element elementor-element-39c8da4 elementor-align-left elementor-widget elementor-widget-about-01-page-about\" data-id=\"39c8da4\" data-element_type=\"widget\" data-widget_type=\"about-01-page-about.default\">\n\t\t\t\t<div class=\"elementor-widget-container\">\n\t\t\t\n        <!-- ABOUT\n        ================================================== -->\n        <section>\n        \t<div class=\"container\">\n        \t\t<div class=\"row about-3\">\n        \t\t\t<div class=\"col-xl-6 mb-1-9 mb-xl-0\">\n        \t\t\t\t<div class=\"pe-lg-1-6 pe-xxl-5\">\n                            <div class=\"sec-title half\">\n                            \t                                \t                            \t<h2 class=\"h1 mb-0 z-index-2 position-relative\">Misyon<\/h2>\n\t                        \t                            <\/div>\n                            \t\t\t                    <div class=\"d-flex about-text mb-1-9\">\n\t                            \t<div class=\"flex-shrink-0\">\n\t                            \t\t\t\t\t\t\t\t\t\t  \t<\/div>\n\t\t\t\t\t\t\t\t  \t<div class=\"flex-grow-1 ms-3\">\n\t\t\t\t\t\t\t\t  \t\t\t\t\t\t\t\t\t\t        \t\t\t\t\t\t\t\t            <p class=\"mb-0\">MARE Deniz Temizlik Hizmetleri ulusal ve uluslar aras\u0131 sularda petrol ve di\u011fer zararl\u0131lardan kaynaklanan kirlili\u011fe \u2018h\u0131zl\u0131 ve etkin m\u00fcdahale\u2019 prensibiyle hareket eder. <br> <br>\n\u00d6ncelikli hedefi insan sa\u011fl\u0131\u011f\u0131, \u00e7evre, emniyet ve g\u00fcvenlik olan MARE, bug\u00fcne kadar ger\u00e7ekle\u015ftirmi\u015f oldu\u011fu operasyonlar sayesinde kazand\u0131\u011f\u0131 bilgi, birikim ve tecr\u00fcbe ile gerek yurti\u00e7i gerekse yurtd\u0131\u015f\u0131nda g\u00fcvenilir ve hizmet odakl\u0131 \u00e7\u00f6z\u00fcmler sunar.<\/p>\n\t\t\t\t\t\t\t\t        \t\t\t\t\t\t\t\t  \t<\/div>\n\t                            <\/div>\n\t\t\t\t            \t\t\t\t\t\t\t                        <\/div>\n        \t\t\t<\/div>\n        \t\t\t<div class=\"col-xl-6\">\n        \t\t\t\t<div class=\"position-relative ms-lg-5 about-img\">\n        \t\t\t\t\t<div class=\"text-center text-sm-end pb-sm-17\">\n        \t\t\t\t\t\t\t\t\t                       \t<img decoding=\"async\" src=\"http:\/\/mareclean.com\/wp-content\/uploads\/2022\/06\/Fotograf-1-scaled.jpg\" alt=\"About image1\">\n\t\t\t                            \t\t\t\t\t<\/div>\n        \t\t\t\t\t\n        \t\t\t\t\t\n        \t\t\t\t\t<div class=\"about-img-content d-none d-sm-block\">\n\n        \t\t\t\t\t\t\n        \t\t\t\t\t\t\n        \t\t\t\t\t\t<div>\n        \t\t\t\t\t\t\t\t\t\t                        \t<img decoding=\"async\" src=\"http:\/\/mareclean.com\/wp-content\/uploads\/2022\/06\/logo-2.png\" alt=\"About image4\">\n\t\t\t                                \t\t\t\t\t\t<\/div>\n        \t\t\t\t\t<\/div>\n        \t\t\t\t<\/div>\n        \t\t\t<\/div>\n        \t\t<\/div>\n        \t<\/div>\n        <\/section>\n\n\t\t\t<\/div>\n\t\t\t\t<\/div>\n\t\t\t\t<div class=\"elementor-element elementor-element-f045ce3 container elementor-widget elementor-widget-text-editor\" data-id=\"f045ce3\" data-element_type=\"widget\" data-widget_type=\"text-editor.default\">\n\t\t\t\t<div class=\"elementor-widget-container\">\n\t\t\t<style>\/*! elementor - v3.6.5 - 27-04-2022 *\/\n.elementor-widget-text-editor.elementor-drop-cap-view-stacked .elementor-drop-cap{background-color:#818a91;color:#fff}.elementor-widget-text-editor.elementor-drop-cap-view-framed .elementor-drop-cap{color:#818a91;border:3px solid;background-color:transparent}.elementor-widget-text-editor:not(.elementor-drop-cap-view-default) .elementor-drop-cap{margin-top:8px}.elementor-widget-text-editor:not(.elementor-drop-cap-view-default) .elementor-drop-cap-letter{width:1em;height:1em}.elementor-widget-text-editor .elementor-drop-cap{float:left;text-align:center;line-height:1;font-size:50px}.elementor-widget-text-editor .elementor-drop-cap-letter{display:inline-block}<\/style>\t\t\t\t<p>MARE, ger\u00e7ekle\u015ftirdi\u011fi say\u0131s\u0131z operasyonla m\u00fc\u015fterilerin ihtiya\u00e7 ve beklentilerini en iyi \u015fekilde anlamak ve cevap vermek \u00fczere do\u011fru \u00fcr\u00fcn\u00fc do\u011fru zamanda sunmak ve operasyonlarda minimum zarar, maksimum fayda prensibini hedeflemektedir. MARE\u2019nin kendi tesislerinde \u00fcretti\u011fi ekipmanlar, yeni ve geli\u015fmi\u015f teknoloji ile \u00fcretilmektedir. Olas\u0131 bir deniz kirlili\u011fine acil m\u00fcdahale esnas\u0131nda kirlili\u011fin seviyesine g\u00f6re uygun ekipman ve malzemelerin kullan\u0131lmas\u0131 \u00f6nerilmektedir.<\/p><p>MARE, d\u00fczenledi\u011fi e\u011fitim ve tatbikatlar\u0131yla fark\u0131ndal\u0131k yaratarak ayn\u0131 zamanda deniz kirlili\u011fine dikkat \u00e7ekerek bu bilinci t\u00fcm e\u011fitim ve tatbikat kat\u0131l\u0131mc\u0131lar\u0131nda olu\u015fturmay\u0131 hedeflemektedir.<\/p>\t\t\t\t\t\t<\/div>\n\t\t\t\t<\/div>\n\t\t\t\t\t<\/div>\n\t\t<\/div>\n\t\t\t\t\t\t\t<\/div>\n\t\t<\/section>\n\t\t\t\t<section class=\"elementor-section elementor-top-section elementor-element elementor-element-719daa1 elementor-section-full_width vision elementor-section-height-default elementor-section-height-default\" data-id=\"719daa1\" data-element_type=\"section\">\n\t\t\t\t\t\t<div class=\"elementor-container elementor-column-gap-no\">\n\t\t\t\t\t<div class=\"elementor-column elementor-col-100 elementor-top-column elementor-element elementor-element-cc312b4\" data-id=\"cc312b4\" data-element_type=\"column\">\n\t\t\t<div class=\"elementor-widget-wrap elementor-element-populated\">\n\t\t\t\t\t\t\t\t<div class=\"elementor-element elementor-element-74f4479 elementor-align-left elementor-widget elementor-widget-about-01-page-about\" data-id=\"74f4479\" data-element_type=\"widget\" data-widget_type=\"about-01-page-about.default\">\n\t\t\t\t<div class=\"elementor-widget-container\">\n\t\t\t\n        <!-- ABOUT\n        ================================================== -->\n        <section>\n        \t<div class=\"container\">\n        \t\t<div class=\"row about-3\">\n        \t\t\t<div class=\"col-xl-6 mb-1-9 mb-xl-0\">\n        \t\t\t\t<div class=\"pe-lg-1-6 pe-xxl-5\">\n                            <div class=\"sec-title half\">\n                            \t                                \t                            \t<h2 class=\"h1 mb-0 z-index-2 position-relative\">Vizyon<\/h2>\n\t                        \t                            <\/div>\n                            \t\t\t                    <div class=\"d-flex about-text mb-1-9\">\n\t                            \t<div class=\"flex-shrink-0\">\n\t                            \t\t\t\t\t\t\t\t\t\t  \t<\/div>\n\t\t\t\t\t\t\t\t  \t<div class=\"flex-grow-1 ms-3\">\n\t\t\t\t\t\t\t\t  \t\t\t\t\t\t\t\t\t\t        \t\t\t\t\t\t\t\t            <p class=\"mb-0\">Ya\u015fanabilir bir \u00e7evre ve temiz denizler i\u00e7in kirlili\u011fe kar\u015f\u0131 etkin m\u00fccadelenin, her durumda geni\u015f d\u00fc\u015f\u00fcnmeyi ve haz\u0131rl\u0131 olmay\u0131 gerektirdi\u011fini savunan MARE, sayg\u0131n ve \u00f6nc\u00fc global bir firma olman\u0131n temellerini atarak daha farkl\u0131 co\u011frafyalara ula\u015fmay\u0131 hedeflemektedir.\nSahip oldu\u011fu de\u011ferleri koruyarak, faaliyet i\u00e7erisinde oldu\u011fu pazarda g\u00fcvenilir, yenilik\u00e7i, verimlilik prensiplerini ilke edinmi\u015f sekt\u00f6r\u00fcnde lider konumda bulunan MARE, sunmu\u015f oldu\u011fu hizmetlerle gelecek nesillere gururla sa\u011fl\u0131kl\u0131 ve temiz denizler b\u0131rakmay\u0131 ama\u00e7lamaktad\u0131r.<\/p>\n\t\t\t\t\t\t\t\t        \t\t\t\t\t\t\t\t  \t<\/div>\n\t                            <\/div>\n\t\t\t\t            \t\t\t\t\t\t\t                        <\/div>\n        \t\t\t<\/div>\n        \t\t\t<div class=\"col-xl-6\">\n        \t\t\t\t<div class=\"position-relative ms-lg-5 about-img\">\n        \t\t\t\t\t<div class=\"text-center text-sm-end pb-sm-17\">\n        \t\t\t\t\t\t\t\t\t                       \t<img decoding=\"async\" src=\"http:\/\/mareclean.com\/wp-content\/uploads\/2022\/06\/Kullanilan-fotograf-6.jpg\" alt=\"About image1\">\n\t\t\t                            \t\t\t\t\t<\/div>\n        \t\t\t\t\t\n        \t\t\t\t\t\n        \t\t\t\t\t<div class=\"about-img-content d-none d-sm-block\">\n\n        \t\t\t\t\t\t\n        \t\t\t\t\t\t\n        \t\t\t\t\t\t<div>\n        \t\t\t\t\t\t\t\t\t\t                        \t<img decoding=\"async\" src=\"http:\/\/mareclean.com\/wp-content\/uploads\/2022\/06\/logo-2.png\" alt=\"About image4\">\n\t\t\t                                \t\t\t\t\t\t<\/div>\n        \t\t\t\t\t<\/div>\n        \t\t\t\t<\/div>\n        \t\t\t<\/div>\n        \t\t<\/div>\n        \t<\/div>\n        <\/section>\n\n\t\t\t<\/div>\n\t\t\t\t<\/div>\n\t\t\t\t\t<\/div>\n\t\t<\/div>\n\t\t\t\t\t\t\t<\/div>\n\t\t<\/section>\n\t\t\t\t\t\t\t<\/div>\n\t\t","protected":false},"excerpt":{"rendered":"<p>Hakk\u0131m\u0131zda Home Hakk\u0131m\u0131zda Misyon MARE Deniz Temizlik Hizmetleri ulusal ve uluslar aras\u0131 sularda petrol ve di\u011fer zararl\u0131lardan kaynaklanan kirlili\u011fe \u2018h\u0131zl\u0131 ve etkin m\u00fcdahale\u2019 prensibiyle hareket eder. \u00d6ncelikli hedefi insan sa\u011fl\u0131\u011f\u0131, \u00e7evre, emniyet ve g\u00fcvenlik olan MARE, bug\u00fcne kadar ger\u00e7ekle\u015ftirmi\u015f oldu\u011fu operasyonlar sayesinde kazand\u0131\u011f\u0131 bilgi, birikim ve tecr\u00fcbe ile gerek yurti\u00e7i gerekse yurtd\u0131\u015f\u0131nda g\u00fcvenilir ve hizmet [&hellip;]<\/p>\n","protected":false},"author":1,"featured_media":0,"parent":0,"menu_order":0,"comment_status":"closed","ping_status":"closed","template":"page-templates\/home.php","meta":{"inline_featured_image":false,"_monsterinsights_skip_tracking":false,"_monsterinsights_sitenote_active":false,"_monsterinsights_sitenote_note":"","_monsterinsights_sitenote_category":0,"footnotes":""},"class_list":["post-7804","page","type-page","status-publish","hentry"],"_links":{"self":[{"href":"http:\/\/mareclean.com\/tr\/wp-json\/wp\/v2\/pages\/7804","targetHints":{"allow":["GET"]}}],"collection":[{"href":"http:\/\/mareclean.com\/tr\/wp-json\/wp\/v2\/pages"}],"about":[{"href":"http:\/\/mareclean.com\/tr\/wp-json\/wp\/v2\/types\/page"}],"author":[{"embeddable":true,"href":"http:\/\/mareclean.com\/tr\/wp-json\/wp\/v2\/users\/1"}],"replies":[{"embeddable":true,"href":"http:\/\/mareclean.com\/tr\/wp-json\/wp\/v2\/comments?post=7804"}],"version-history":[{"count":10,"href":"http:\/\/mareclean.com\/tr\/wp-json\/wp\/v2\/pages\/7804\/revisions"}],"predecessor-version":[{"id":9358,"href":"http:\/\/mareclean.com\/tr\/wp-json\/wp\/v2\/pages\/7804\/revisions\/9358"}],"wp:attachment":[{"href":"http:\/\/mareclean.com\/tr\/wp-json\/wp\/v2\/media?parent=7804"}],"curies":[{"name":"wp","href":"https:\/\/api.w.org\/{rel}","templated":true}]}}