{"id":8109,"date":"2022-06-17T11:40:20","date_gmt":"2022-06-17T08:40:20","guid":{"rendered":"http:\/\/mare.llcsoft.com\/?page_id=8109"},"modified":"2022-06-19T11:19:07","modified_gmt":"2022-06-19T08:19:07","slug":"hazmat-hazwoper-egitimi","status":"publish","type":"page","link":"http:\/\/mareclean.com\/tr\/hazmat-hazwoper-egitimi\/","title":{"rendered":"Hazmat &#038; Hazwoper E\u011fitimi"},"content":{"rendered":"\t\t<div data-elementor-type=\"wp-page\" data-elementor-id=\"8109\" class=\"elementor elementor-8109\">\n\t\t\t\t\t\t\t\t\t<section class=\"elementor-section elementor-top-section elementor-element elementor-element-8bebd59 elementor-section-full_width elementor-section-height-default elementor-section-height-default\" data-id=\"8bebd59\" data-element_type=\"section\">\n\t\t\t\t\t\t<div class=\"elementor-container elementor-column-gap-no\">\n\t\t\t\t\t<div class=\"elementor-column elementor-col-100 elementor-top-column elementor-element elementor-element-3a9d10b\" data-id=\"3a9d10b\" data-element_type=\"column\">\n\t\t\t<div class=\"elementor-widget-wrap elementor-element-populated\">\n\t\t\t\t\t\t\t\t<div class=\"elementor-element elementor-element-eda11eb elementor-align-left elementor-widget elementor-widget-portfolio-01-pagetitle\" data-id=\"eda11eb\" data-element_type=\"widget\" data-widget_type=\"portfolio-01-pagetitle.default\">\n\t\t\t\t<div class=\"elementor-widget-container\">\n\t\t\t\n        <!-- PAGE TITLE\n        ================================================== -->\n        <section class=\"page-title-section bg-img cover-background theme-overlay-dark-blue left-overlay-dark top-position1\"  data-overlay-dark=\"6\" data-background=\"http:\/\/mareclean.com\/wp-content\/uploads\/2022\/06\/page-title.jpg\" >\n            <div class=\"container\">\n                <div class=\"row text-center\">\n                    <div class=\"col-md-12\">\n                    \t\t                    \t<h1>Hazmat &amp; Hazwoper E\u011fitimi<\/h1>\n\t                    \t                    \t\t\t\t\t\t\t<ul><li><a href=\"http:\/\/mareclean.com\/tr\/\">Home<\/a><\/li>\n\t\t\t\t\t\t\t <li>Hazmat &amp; Hazwoper E\u011fitimi<\/li><\/ul>\n\t\t\t\t\t\t                    <\/div>\n                <\/div>\n            <\/div>\n            <div class=\"shape-one\"><\/div>\n    \t\t<div class=\"shape-two\"><\/div>\n        <\/section>\n\n\t\t\t<\/div>\n\t\t\t\t<\/div>\n\t\t\t\t\t<\/div>\n\t\t<\/div>\n\t\t\t\t\t\t\t<\/div>\n\t\t<\/section>\n\t\t\t\t<section class=\"elementor-section elementor-top-section elementor-element elementor-element-6c221af elementor-section-boxed elementor-section-height-default elementor-section-height-default\" data-id=\"6c221af\" data-element_type=\"section\">\n\t\t\t\t\t\t<div class=\"elementor-container elementor-column-gap-default\">\n\t\t\t\t\t<div class=\"elementor-column elementor-col-100 elementor-top-column elementor-element elementor-element-45c5552\" data-id=\"45c5552\" data-element_type=\"column\">\n\t\t\t<div class=\"elementor-widget-wrap elementor-element-populated\">\n\t\t\t\t\t\t\t\t<div class=\"elementor-element elementor-element-1364c56 elementor-widget elementor-widget-heading\" data-id=\"1364c56\" data-element_type=\"widget\" data-widget_type=\"heading.default\">\n\t\t\t\t<div class=\"elementor-widget-container\">\n\t\t\t<style>\/*! elementor - v3.6.5 - 27-04-2022 *\/\n.elementor-heading-title{padding:0;margin:0;line-height:1}.elementor-widget-heading .elementor-heading-title[class*=elementor-size-]>a{color:inherit;font-size:inherit;line-height:inherit}.elementor-widget-heading .elementor-heading-title.elementor-size-small{font-size:15px}.elementor-widget-heading .elementor-heading-title.elementor-size-medium{font-size:19px}.elementor-widget-heading .elementor-heading-title.elementor-size-large{font-size:29px}.elementor-widget-heading .elementor-heading-title.elementor-size-xl{font-size:39px}.elementor-widget-heading .elementor-heading-title.elementor-size-xxl{font-size:59px}<\/style><h1 class=\"elementor-heading-title elementor-size-default\">Hazmat & Hazwoper E\u011fitimi<\/h1>\t\t<\/div>\n\t\t\t\t<\/div>\n\t\t\t\t<div class=\"elementor-element elementor-element-f106d00 elementor-widget elementor-widget-text-editor\" data-id=\"f106d00\" data-element_type=\"widget\" data-widget_type=\"text-editor.default\">\n\t\t\t\t<div class=\"elementor-widget-container\">\n\t\t\t<style>\/*! elementor - v3.6.5 - 27-04-2022 *\/\n.elementor-widget-text-editor.elementor-drop-cap-view-stacked .elementor-drop-cap{background-color:#818a91;color:#fff}.elementor-widget-text-editor.elementor-drop-cap-view-framed .elementor-drop-cap{color:#818a91;border:3px solid;background-color:transparent}.elementor-widget-text-editor:not(.elementor-drop-cap-view-default) .elementor-drop-cap{margin-top:8px}.elementor-widget-text-editor:not(.elementor-drop-cap-view-default) .elementor-drop-cap-letter{width:1em;height:1em}.elementor-widget-text-editor .elementor-drop-cap{float:left;text-align:center;line-height:1;font-size:50px}.elementor-widget-text-editor .elementor-drop-cap-letter{display:inline-block}<\/style>\t\t\t\t<p class=\"p1\"><b>Hazmat e\u011fitimi,<\/b> tehlikeli maddelerin elle\u00e7lenmesinde g\u00f6rev alan veya tehlikeli madde d\u00f6k\u00fcnt\u00fc\/s\u0131z\u0131nt\u0131 veya yay\u0131lma olaylar\u0131na\/kazalar\u0131na m\u00fcdahale eden ki\u015filer i\u00e7in haz\u0131rlanm\u0131\u015f bir e\u011fitimdir. \u0130\u015fverenler yasa gere\u011fi g\u00fcndelik i\u015flerde meydana gelebilecek bu t\u00fcr acil durumlarda, sorumlu \u00e7al\u0131\u015fanlar\u0131 e\u011fitmekle y\u00fck\u00fcml\u00fcd\u00fcrler. Bu alanda \u00e7al\u0131\u015fan ve\/veya ilk m\u00fcdahaleden sorumlu personele verilecek olan HAZMAT e\u011fitimi minimum 1 g\u00fcn (8 saat) olarak planlanmaktad\u0131r.<span class=\"Apple-converted-space\">\u00a0<\/span><\/p><p class=\"p1\"><span class=\"s1\"><i>Bu e\u011fitim ile ama\u00e7lanan, kat\u0131l\u0131mc\u0131lara tehlikenin varl\u0131\u011f\u0131n\u0131 tan\u0131mak ve belirlemek i\u00e7in gerekli bilgi ve becerileri kazand\u0131rmak ve i\u015flerinde zararl\u0131 etkilere maruz kald\u0131klar\u0131nda kendi kendine ve di\u011ferlerinin sa\u011fl\u0131\u011f\u0131n\u0131 ve g\u00fcvenli\u011fini koruyabilmelerini sa\u011flamakt\u0131r. <span class=\"Apple-converted-space\">\u00a0<\/span><\/i><\/span><\/p><p class=\"p1\"><b>HAZWOPER<\/b>, Tehlikeli At\u0131k \u0130\u015flemleri ve Acil M\u00fcdahale&#8217;nin k\u0131saltmas\u0131 olup, HAZWOPER e\u011fitimi, OSHA standard\u0131 29 CFR Part 1910.120&#8217;de ele al\u0131nm\u0131\u015ft\u0131r.<span class=\"Apple-converted-space\">\u00a0 <\/span>OSHA&#8217;ya g\u00f6re, HAZWOPER standard\u0131 be\u015f i\u015fveren grubuna ve \u00e7al\u0131\u015fanlar\u0131na uygulan\u0131r ve \u00f6zellikle tehlikeli maddelere maruz kalan ve tehlikeli at\u0131klar\u0131n temizlenmesi, i\u015flenmesi, depolanmas\u0131 ve bertaraf edilmesi de dahil olmak \u00fczere \u00e7e\u015fitli operasyonlarda bulunan herhangi bir \u00e7al\u0131\u015fan\u0131 kapsar. Buna ek olarak, tehlikeli at\u0131klarla u\u011fra\u015fan acil m\u00fcdahale operasyonunda \u00e7al\u0131\u015fan i\u015f\u00e7iler dahildir.<span class=\"Apple-converted-space\">\u00a0<\/span><\/p><p class=\"p1\">OSHA HAZWOPER standard\u0131n\u0131n kapsam\u0131na giren \u00e7al\u0131\u015fanlar ve i\u015fverenler, 24 veya 40 saatlik kurstan olu\u015fan ilk HAZWOPER e\u011fitimini almal\u0131d\u0131rlar. Bu kurs, temizleme i\u015flemleri, g\u00f6n\u00fcll\u00fc temizleme i\u015flemleri, acil m\u00fcdahale i\u015flemleri ve tehlikeli maddelerin veya kontrol edilmeyen tehlikeli at\u0131k alanlar\u0131n\u0131n depolanmas\u0131, elden \u00e7\u0131kar\u0131lmas\u0131 veya muamelesine tabi olan i\u015f\u00e7iler i\u00e7in \u00f6zel olarak tasarlanm\u0131\u015ft\u0131r. Konular, tehlikeli kimyasallara kar\u015f\u0131 koruma, tehlikeli kimyasallar\u0131n at\u0131lmas\u0131, i\u015f\u00e7ilerin ve \u00e7evrenin korunmas\u0131 ve OSHA y\u00f6netmeliklerini kapsar.<span class=\"Apple-converted-space\">\u00a0<\/span><\/p><p class=\"p1\">\u0130lk e\u011fitim gereksiniminin kar\u015f\u0131lanmas\u0131ndan sonra her y\u0131l i\u015f\u00e7iler 8 saatlik bir TAKV\u0130YE yenileme kursuna kat\u0131lmalar\u0131 faydal\u0131 olacakt\u0131r. Bu tazeleme kursu, tehlikeli at\u0131k i\u015flemleri ve acil m\u00fcdahale i\u015f\u00e7ileri i\u00e7in y\u0131ll\u0131k e\u011fitim gereksinimlerini kar\u015f\u0131lamak \u00fczere tasarlanm\u0131\u015ft\u0131r.<\/p><p class=\"p1\">\u2022 HAZWOPER 40 saat: Tehlikeli maddeleri a\u00e7\u0131\u011fa \u00e7\u0131karan veya potansiyel olarak bunlara maruz b\u0131rakan faaliyet g\u00f6steren i\u015f\u00e7iler i\u00e7in gereklidir<\/p><p class=\"p1\">\u2022 HAZVOPER 24 saat: H\u00fck\u00fcmetin g\u00f6revlendirdi\u011fi kontrols\u00fcz bir tehlikeli at\u0131k faaliyetini ziyaret eden \u00e7al\u0131\u015fanlar i\u00e7in gereklidir<\/p><p class=\"p1\">\u2022 HAZWOPER 8 saat: Tehlikeli at\u0131klar\u0131 uzakla\u015ft\u0131ran veya tehlikeli maddeler veya sa\u011fl\u0131k tehlikeleri ile u\u011fra\u015fan genel saha \u00e7al\u0131\u015fanlar\u0131 i\u00e7in y\u0131ll\u0131k tazeleme kursu<\/p><p class=\"p1\"><strong><span class=\"s1\"><i>Bu e\u011fitim ile ama\u00e7lanan, OSHA&#8217;n\u0131n amac\u0131n\u0131 ve mesleki g\u00fcvenli\u011fin d\u00fczenlenmesindeki rol\u00fcn\u00fc anlamak, \u0130\u015fyerinizde mevcut olabilecek sorunlar\u0131 ve tehlikeleri ortadan kald\u0131rmak i\u00e7in uygulanabilecek \u00f6nlemleri belirlemek, i\u015fyerinde bulunan tehlikeli maddeleri ve olas\u0131 maruz kalma y\u00f6ntemleri, semptomlar\u0131 ve \u00f6nleyici tedbirleri tan\u0131mlamak, Tehlikeli maddeleri tan\u0131mlamak ve do\u011fru \u015fekilde i\u015flemek i\u00e7in Malzeme G\u00fcvenlik Bilgi Formlar\u0131n\u0131n (MSDS) kullan\u0131m\u0131n\u0131 \u00f6zendirmek, Kendinize yan\u0131c\u0131, patlay\u0131c\u0131, kimyasal veya radyolojik tehlikeler g\u00f6sterebilecek maddeler, bile\u015fikler ve kar\u0131\u015f\u0131mlar hakk\u0131nda bilgi edinmek, ki\u015fisel koruyucu donan\u0131m\u0131n tehlikeli maddeye maruziyeti s\u0131n\u0131rland\u0131rmada \u00f6nemini vurgulamak,<span class=\"Apple-converted-space\">\u00a0 <\/span>sadece tehlikeli \u00e7al\u0131\u015fma alan\u0131nda \u00e7al\u0131\u015fanlar\u0131n maruz kalma riskini s\u0131n\u0131rlamak i\u00e7in etkili bir \u201cOlay Yeri Kontrol Program\u0131\u201d olu\u015fturmak, ve tehlikeye maruziyet durumunda i\u015f\u00e7ileri tedavi etmek i\u00e7in prosed\u00fcrleri uygulamakt\u0131r.<span class=\"Apple-converted-space\">\u00a0<\/span><\/i><\/span><\/strong><\/p>\t\t\t\t\t\t<\/div>\n\t\t\t\t<\/div>\n\t\t\t\t\t<\/div>\n\t\t<\/div>\n\t\t\t\t\t\t\t<\/div>\n\t\t<\/section>\n\t\t\t\t\t\t\t<\/div>\n\t\t","protected":false},"excerpt":{"rendered":"<p>Hazmat &amp; Hazwoper E\u011fitimi Home Hazmat &amp; Hazwoper E\u011fitimi Hazmat &#038; Hazwoper E\u011fitimi Hazmat e\u011fitimi, tehlikeli maddelerin elle\u00e7lenmesinde g\u00f6rev alan veya tehlikeli madde d\u00f6k\u00fcnt\u00fc\/s\u0131z\u0131nt\u0131 veya yay\u0131lma olaylar\u0131na\/kazalar\u0131na m\u00fcdahale eden ki\u015filer i\u00e7in haz\u0131rlanm\u0131\u015f bir e\u011fitimdir. \u0130\u015fverenler yasa gere\u011fi g\u00fcndelik i\u015flerde meydana gelebilecek bu t\u00fcr acil durumlarda, sorumlu \u00e7al\u0131\u015fanlar\u0131 e\u011fitmekle y\u00fck\u00fcml\u00fcd\u00fcrler. Bu alanda \u00e7al\u0131\u015fan ve\/veya ilk m\u00fcdahaleden [&hellip;]<\/p>\n","protected":false},"author":1,"featured_media":0,"parent":0,"menu_order":0,"comment_status":"closed","ping_status":"closed","template":"page-templates\/home.php","meta":{"inline_featured_image":false,"_monsterinsights_skip_tracking":false,"_monsterinsights_sitenote_active":false,"_monsterinsights_sitenote_note":"","_monsterinsights_sitenote_category":0,"footnotes":""},"class_list":["post-8109","page","type-page","status-publish","hentry"],"_links":{"self":[{"href":"http:\/\/mareclean.com\/tr\/wp-json\/wp\/v2\/pages\/8109","targetHints":{"allow":["GET"]}}],"collection":[{"href":"http:\/\/mareclean.com\/tr\/wp-json\/wp\/v2\/pages"}],"about":[{"href":"http:\/\/mareclean.com\/tr\/wp-json\/wp\/v2\/types\/page"}],"author":[{"embeddable":true,"href":"http:\/\/mareclean.com\/tr\/wp-json\/wp\/v2\/users\/1"}],"replies":[{"embeddable":true,"href":"http:\/\/mareclean.com\/tr\/wp-json\/wp\/v2\/comments?post=8109"}],"version-history":[{"count":7,"href":"http:\/\/mareclean.com\/tr\/wp-json\/wp\/v2\/pages\/8109\/revisions"}],"predecessor-version":[{"id":9373,"href":"http:\/\/mareclean.com\/tr\/wp-json\/wp\/v2\/pages\/8109\/revisions\/9373"}],"wp:attachment":[{"href":"http:\/\/mareclean.com\/tr\/wp-json\/wp\/v2\/media?parent=8109"}],"curies":[{"name":"wp","href":"https:\/\/api.w.org\/{rel}","templated":true}]}}