{"id":8117,"date":"2022-06-17T11:42:30","date_gmt":"2022-06-17T08:42:30","guid":{"rendered":"http:\/\/mare.llcsoft.com\/?page_id=8117"},"modified":"2022-06-19T11:19:31","modified_gmt":"2022-06-19T08:19:31","slug":"imdg-kod-egitimi","status":"publish","type":"page","link":"http:\/\/mareclean.com\/tr\/imdg-kod-egitimi\/","title":{"rendered":"IMDG Kod E\u011fitimi"},"content":{"rendered":"\t\t<div data-elementor-type=\"wp-page\" data-elementor-id=\"8117\" class=\"elementor elementor-8117\">\n\t\t\t\t\t\t\t\t\t<section class=\"elementor-section elementor-top-section elementor-element elementor-element-8bebd59 elementor-section-full_width elementor-section-height-default elementor-section-height-default\" data-id=\"8bebd59\" data-element_type=\"section\">\n\t\t\t\t\t\t<div class=\"elementor-container elementor-column-gap-no\">\n\t\t\t\t\t<div class=\"elementor-column elementor-col-100 elementor-top-column elementor-element elementor-element-3a9d10b\" data-id=\"3a9d10b\" data-element_type=\"column\">\n\t\t\t<div class=\"elementor-widget-wrap elementor-element-populated\">\n\t\t\t\t\t\t\t\t<div class=\"elementor-element elementor-element-eda11eb elementor-align-left elementor-widget elementor-widget-portfolio-01-pagetitle\" data-id=\"eda11eb\" data-element_type=\"widget\" data-widget_type=\"portfolio-01-pagetitle.default\">\n\t\t\t\t<div class=\"elementor-widget-container\">\n\t\t\t\n        <!-- PAGE TITLE\n        ================================================== -->\n        <section class=\"page-title-section bg-img cover-background theme-overlay-dark-blue left-overlay-dark top-position1\"  data-overlay-dark=\"6\" data-background=\"http:\/\/mareclean.com\/wp-content\/uploads\/2022\/06\/page-title.jpg\" >\n            <div class=\"container\">\n                <div class=\"row text-center\">\n                    <div class=\"col-md-12\">\n                    \t\t                    \t<h1>IMDG Kod E\u011fitimi<\/h1>\n\t                    \t                    \t\t\t\t\t\t\t<ul><li><a href=\"http:\/\/mareclean.com\/tr\/\">Home<\/a><\/li>\n\t\t\t\t\t\t\t <li>IMDG Kod E\u011fitimi<\/li><\/ul>\n\t\t\t\t\t\t                    <\/div>\n                <\/div>\n            <\/div>\n            <div class=\"shape-one\"><\/div>\n    \t\t<div class=\"shape-two\"><\/div>\n        <\/section>\n\n\t\t\t<\/div>\n\t\t\t\t<\/div>\n\t\t\t\t\t<\/div>\n\t\t<\/div>\n\t\t\t\t\t\t\t<\/div>\n\t\t<\/section>\n\t\t\t\t<section class=\"elementor-section elementor-top-section elementor-element elementor-element-6c221af elementor-section-boxed elementor-section-height-default elementor-section-height-default\" data-id=\"6c221af\" data-element_type=\"section\">\n\t\t\t\t\t\t<div class=\"elementor-container elementor-column-gap-default\">\n\t\t\t\t\t<div class=\"elementor-column elementor-col-100 elementor-top-column elementor-element elementor-element-45c5552\" data-id=\"45c5552\" data-element_type=\"column\">\n\t\t\t<div class=\"elementor-widget-wrap elementor-element-populated\">\n\t\t\t\t\t\t\t\t<div class=\"elementor-element elementor-element-1364c56 elementor-widget elementor-widget-heading\" data-id=\"1364c56\" data-element_type=\"widget\" data-widget_type=\"heading.default\">\n\t\t\t\t<div class=\"elementor-widget-container\">\n\t\t\t<style>\/*! elementor - v3.6.5 - 27-04-2022 *\/\n.elementor-heading-title{padding:0;margin:0;line-height:1}.elementor-widget-heading .elementor-heading-title[class*=elementor-size-]>a{color:inherit;font-size:inherit;line-height:inherit}.elementor-widget-heading .elementor-heading-title.elementor-size-small{font-size:15px}.elementor-widget-heading .elementor-heading-title.elementor-size-medium{font-size:19px}.elementor-widget-heading .elementor-heading-title.elementor-size-large{font-size:29px}.elementor-widget-heading .elementor-heading-title.elementor-size-xl{font-size:39px}.elementor-widget-heading .elementor-heading-title.elementor-size-xxl{font-size:59px}<\/style><h1 class=\"elementor-heading-title elementor-size-default\">IMDG Kod E\u011fitimi<\/h1>\t\t<\/div>\n\t\t\t\t<\/div>\n\t\t\t\t<div class=\"elementor-element elementor-element-f106d00 elementor-widget elementor-widget-text-editor\" data-id=\"f106d00\" data-element_type=\"widget\" data-widget_type=\"text-editor.default\">\n\t\t\t\t<div class=\"elementor-widget-container\">\n\t\t\t<style>\/*! elementor - v3.6.5 - 27-04-2022 *\/\n.elementor-widget-text-editor.elementor-drop-cap-view-stacked .elementor-drop-cap{background-color:#818a91;color:#fff}.elementor-widget-text-editor.elementor-drop-cap-view-framed .elementor-drop-cap{color:#818a91;border:3px solid;background-color:transparent}.elementor-widget-text-editor:not(.elementor-drop-cap-view-default) .elementor-drop-cap{margin-top:8px}.elementor-widget-text-editor:not(.elementor-drop-cap-view-default) .elementor-drop-cap-letter{width:1em;height:1em}.elementor-widget-text-editor .elementor-drop-cap{float:left;text-align:center;line-height:1;font-size:50px}.elementor-widget-text-editor .elementor-drop-cap-letter{display:inline-block}<\/style>\t\t\t\t<p class=\"p1\">Uluslararas\u0131 Denizcilik \u00d6rg\u00fct\u00fc (IMO) Deniz Emniyet Komitesinin (MSC) yay\u0131nlad\u0131\u011f\u0131 34-08 say\u0131l\u0131 IMDG Kod ile birlikte, kod kapsam\u0131nda tehlikeli y\u00fck elle\u00e7leyen k\u0131y\u0131 tesisleri personeli i\u00e7in IMDG kod e\u011fitimleri zorunlu hale getirilmi\u015ftir. \u00dclkemizde de bu kapsamdaki yerel d\u00fczenleme Ula\u015ft\u0131rma Denizcilik ve Haberle\u015fme Bakanl\u0131\u011f\u0131 taraf\u0131ndan \u201c<span class=\"s1\">Denizyoluyla Ta\u015f\u0131nan Tehlikeli Y\u00fcklere \u0130li\u015fkin Uluslararas\u0131 Kod Kapsam\u0131nda E\u011fitim ve Yetkilendirme Y\u00f6netmeli\u011fi\u201d olarak 4 \u015eubat 2011 tarih ve 27836 say\u0131l\u0131 Resmi Gazetede yay\u0131mlanarak y\u00fcr\u00fcrl\u00fc\u011fe girmi\u015f, daha sonra 11 \u015eubat 2012 tarih ve 28201 say\u0131l\u0131 Resmi Gazetede ve 16 Ocak 2016 tarih ve 29601 say\u0131l\u0131 Resmi Gazetede yay\u0131mlanan Y\u00f6netmelik ile revize edilmi\u015ftir.<span class=\"Apple-converted-space\">\u00a0<\/span><\/span><\/p><p class=\"p1\">S\u00f6z konusu y\u00f6netmelik kapsam\u0131nda IMDG e\u011fitimleri:<span class=\"Apple-converted-space\">\u00a0<\/span><\/p><ul class=\"ul1\"><li class=\"li3\">Genel Fark\u0131ndal\u0131k E\u011fitimi (1 g\u00fcn)<\/li><li class=\"li3\">G\u00f6reve Y\u00f6nelik E\u011fitim (2,5 g\u00fcn)<\/li><li class=\"li3\">Emniyet E\u011fitimi (1\/2 g\u00fcn)<\/li><li class=\"li3\">Yenileme E\u011fitimi (1 g\u00fcn)<\/li><\/ul><p class=\"p3\"><span class=\"s3\">Genel Fark\u0131ndal\u0131k-G\u00f6reve Y\u00f6nelik ve Emniyet E\u011fitimleri ilgili mevzuat kapsam\u0131nda birle\u015fik <\/span>4 g\u00fcn olarak d\u00fczenlenmektedir. Yine yerel mevzuat gere\u011fi e\u011fitim sonunda en az 25 soruluk s\u0131nav yap\u0131larak s\u0131navdan 70 alan kat\u0131l\u0131mc\u0131lara Ula\u015ft\u0131rma ve Altyap\u0131 Bakanl\u0131\u011f\u0131 taraf\u0131ndan onayl\u0131 sertifika verilmektedir. E\u011fitimlerin yenileme periyodu 2 y\u0131ld\u0131r.<\/p><p class=\"p4\">Bu e\u011fitim semineri; Ki\u015filerin icra etti\u011fi g\u00f6reve ve tehlikeli y\u00fcklerin emniyetli olarak elle\u00e7lenmesine ili\u015fkin detayland\u0131r\u0131lm\u0131\u015f e\u011fitimi sa\u011flamak amac\u0131yla planlanm\u0131\u015ft\u0131r.<\/p><p class=\"p3\"><strong><span class=\"s4\"><i>Bu e\u011fitim ile ama\u00e7lanan, IMDG kod kapsam\u0131ndaki tehlikeli maddelerin ula\u015f\u0131m zincirinde \u00e7al\u0131\u015fan personele; y\u00fcklerin ba\u015fl\u0131ca tehlike s\u0131n\u0131flar\u0131n\u0131, y\u00fck ambalajlar\u0131n\u0131 ve muhafaza birimlerini, uygun ta\u015f\u0131ma ad\u0131, UN numaras\u0131, s\u0131n\u0131f etiketi ve s\u0131n\u0131f etiket levhas\u0131 ile tan\u0131mlama gerekliliklerini a\u00e7\u0131klamak, sevkiyat belgelerini ve bu belgelerde bulunmas\u0131 gereken temel ve ek bilgileri tan\u0131mlamak, tehlikeli y\u00fckler i\u00e7in istifleme, ayr\u0131\u015ft\u0131rma ve depolama \u015fartlar\u0131n\u0131 tan\u0131mlamak, t\u00fcm bu kurallar \u00e7er\u00e7evesinde y\u00fcklerin g\u00fcvenli ta\u015f\u0131nmas\u0131nda personelin rol\u00fcn\u00fcn \u00f6nemini vurgulamak ve tehlikeli y\u00fcklerden kaynakl\u0131 olas\u0131 kaza ve di\u011fer acil durumlar\u0131n \u00f6nlenmesinde, planlanmas\u0131nda<span class=\"Apple-converted-space\">\u00a0 <\/span>ve kodun ek kitab\u0131nda yer alan Acil Durum \u00c7izelgeleri (EmS) ve T\u0131bbi \u0130lk Yard\u0131m K\u0131lavuzu\u2019nu (MFAG) da kullanarak gerekli m\u00fcdahalelerde izlenecek prosed\u00fcrlerin ana hatlar\u0131n\u0131 belirtmek.<\/i><\/span><\/strong><\/p>\t\t\t\t\t\t<\/div>\n\t\t\t\t<\/div>\n\t\t\t\t\t<\/div>\n\t\t<\/div>\n\t\t\t\t\t\t\t<\/div>\n\t\t<\/section>\n\t\t\t\t\t\t\t<\/div>\n\t\t","protected":false},"excerpt":{"rendered":"<p>IMDG Kod E\u011fitimi Home IMDG Kod E\u011fitimi IMDG Kod E\u011fitimi Uluslararas\u0131 Denizcilik \u00d6rg\u00fct\u00fc (IMO) Deniz Emniyet Komitesinin (MSC) yay\u0131nlad\u0131\u011f\u0131 34-08 say\u0131l\u0131 IMDG Kod ile birlikte, kod kapsam\u0131nda tehlikeli y\u00fck elle\u00e7leyen k\u0131y\u0131 tesisleri personeli i\u00e7in IMDG kod e\u011fitimleri zorunlu hale getirilmi\u015ftir. \u00dclkemizde de bu kapsamdaki yerel d\u00fczenleme Ula\u015ft\u0131rma Denizcilik ve Haberle\u015fme Bakanl\u0131\u011f\u0131 taraf\u0131ndan \u201cDenizyoluyla Ta\u015f\u0131nan Tehlikeli [&hellip;]<\/p>\n","protected":false},"author":1,"featured_media":0,"parent":0,"menu_order":0,"comment_status":"closed","ping_status":"closed","template":"page-templates\/home.php","meta":{"inline_featured_image":false,"_monsterinsights_skip_tracking":false,"_monsterinsights_sitenote_active":false,"_monsterinsights_sitenote_note":"","_monsterinsights_sitenote_category":0,"footnotes":""},"class_list":["post-8117","page","type-page","status-publish","hentry"],"_links":{"self":[{"href":"http:\/\/mareclean.com\/tr\/wp-json\/wp\/v2\/pages\/8117","targetHints":{"allow":["GET"]}}],"collection":[{"href":"http:\/\/mareclean.com\/tr\/wp-json\/wp\/v2\/pages"}],"about":[{"href":"http:\/\/mareclean.com\/tr\/wp-json\/wp\/v2\/types\/page"}],"author":[{"embeddable":true,"href":"http:\/\/mareclean.com\/tr\/wp-json\/wp\/v2\/users\/1"}],"replies":[{"embeddable":true,"href":"http:\/\/mareclean.com\/tr\/wp-json\/wp\/v2\/comments?post=8117"}],"version-history":[{"count":7,"href":"http:\/\/mareclean.com\/tr\/wp-json\/wp\/v2\/pages\/8117\/revisions"}],"predecessor-version":[{"id":9376,"href":"http:\/\/mareclean.com\/tr\/wp-json\/wp\/v2\/pages\/8117\/revisions\/9376"}],"wp:attachment":[{"href":"http:\/\/mareclean.com\/tr\/wp-json\/wp\/v2\/media?parent=8117"}],"curies":[{"name":"wp","href":"https:\/\/api.w.org\/{rel}","templated":true}]}}